{"id":7291,"date":"2022-11-15T09:26:12","date_gmt":"2022-11-15T08:26:12","guid":{"rendered":"https:\/\/cristal-decisions.com\/legal-notice\/"},"modified":"2026-04-17T11:16:49","modified_gmt":"2026-04-17T09:16:49","slug":"legal-notice","status":"publish","type":"page","link":"https:\/\/cristal-decisions.com\/en\/legal-notice\/","title":{"rendered":"Legal Notice"},"content":{"rendered":"\t\t<div data-elementor-type=\"wp-page\" data-elementor-id=\"7291\" class=\"elementor elementor-7291 elementor-1515\" data-elementor-post-type=\"page\">\n\t\t\t\t<div class=\"elementor-element elementor-element-efe30b4 e-flex e-con-boxed e-con e-parent\" data-id=\"efe30b4\" data-element_type=\"container\" data-e-type=\"container\">\n\t\t\t\t\t<div class=\"e-con-inner\">\n\t\t<div class=\"elementor-element elementor-element-137bfc6 e-con-full e-flex e-con e-child\" data-id=\"137bfc6\" data-element_type=\"container\" data-e-type=\"container\">\n\t\t\t\t<div class=\"elementor-element elementor-element-70cf831 elementor-widget elementor-widget-heading\" data-id=\"70cf831\" data-element_type=\"widget\" data-e-type=\"widget\" data-widget_type=\"heading.default\">\n\t\t\t\t\t<h1 class=\"elementor-heading-title elementor-size-default\">Legal Notice<\/h1>\t\t\t\t<\/div>\n\t\t\t\t<div class=\"elementor-element elementor-element-299afc9 elementor-widget elementor-widget-text-editor\" data-id=\"299afc9\" data-element_type=\"widget\" data-e-type=\"widget\" data-widget_type=\"text-editor.default\">\n\t\t\t\t\t\t\t\t\t<p>This document constitutes the general conditions of use of the site accessible at the address \u00ab <a style=\"color: #50b4bf;\" href=\"http:\/\/cristal-decisions.fr\/en\/\">http:\/\/cristal-decisions.fr\/en\/<\/a> \u00bb (hereinafter referred to as the site).<\/p>\n<p>Our site has been created and edited by <a href=\"https:\/\/gooplus.fr\/\" target=\"_blank\" rel=\"noopener\">GooPlus<\/a>, dont Cristal D\u00e9cisions est une marque.<\/p>\n<p>By accessing or using our site, the User is deemed to accept these general conditions and we reserve the right to refuse access to all or part of the site to any user who does not comply with them.<\/p>\n\t\t\t\t\t\t\t\t<\/div>\n\t\t\t\t<div class=\"elementor-element elementor-element-a815bfe elementor-widget elementor-widget-heading\" data-id=\"a815bfe\" data-element_type=\"widget\" data-e-type=\"widget\" data-widget_type=\"heading.default\">\n\t\t\t\t\t<h2 class=\"elementor-heading-title elementor-size-default\">Presentation of Cristal D\u00e9cisions<\/h2>\t\t\t\t<\/div>\n\t\t\t\t<div class=\"elementor-element elementor-element-afe94c5 elementor-widget elementor-widget-text-editor\" data-id=\"afe94c5\" data-element_type=\"widget\" data-e-type=\"widget\" data-widget_type=\"text-editor.default\">\n\t\t\t\t\t\t\t\t\t<p>Forme juridique : Soci\u00e9t\u00e9 par Actions Simplifi\u00e9es<\/p>\n<p>Capital Social : 100 000 euros<\/p>\n<p>RCS : 435 271 069 (Nanterre)<\/p>\n<p>N\u00b0 TVA intracommunautaire : FR92435271069<\/p>\n<p>Si\u00e8ge social : 27\/33 Quai Alphonse LE GALLO \u2013 92100 Boulogne-Billancourt<\/p>\n<p>Legal representative: Matthieu Pettex Sabarot (President)<\/p>\n<p>Publishing Director: Matthieu Pettex Sabarot<\/p>\n<p>Contact email: <a style=\"color: #50b4bf;\" href=\"mailto:matthieu.pettex-sabarot@cristal-decisions.com\">matthieu.pettex-sabarot@cristal-decisions.com<\/a><\/p>\n<p>Contact address: 27\/33 Quai Alphonse LE GALLO \u2013 92100 Boulogne-Billancourt<\/p>\n\t\t\t\t\t\t\t\t<\/div>\n\t\t\t\t<div class=\"elementor-element elementor-element-0aa7201 elementor-widget elementor-widget-heading\" data-id=\"0aa7201\" data-element_type=\"widget\" data-e-type=\"widget\" data-widget_type=\"heading.default\">\n\t\t\t\t\t<h2 class=\"elementor-heading-title elementor-size-default\">Jurisdiction<\/h2>\t\t\t\t<\/div>\n\t\t\t\t<div class=\"elementor-element elementor-element-77c57da elementor-widget elementor-widget-text-editor\" data-id=\"77c57da\" data-element_type=\"widget\" data-e-type=\"widget\" data-widget_type=\"text-editor.default\">\n\t\t\t\t\t\t\t\t\t<p>Our site is subject to French law, French jurisdiction and has French as its official language. The relations established between Cristal Decisions and the User are also governed by the French standards and laws in force.<\/p>\n\t\t\t\t\t\t\t\t<\/div>\n\t\t\t\t<div class=\"elementor-element elementor-element-d96c1b4 elementor-widget elementor-widget-heading\" data-id=\"d96c1b4\" data-element_type=\"widget\" data-e-type=\"widget\" data-widget_type=\"heading.default\">\n\t\t\t\t\t<h2 class=\"elementor-heading-title elementor-size-default\">Intellectual Property<\/h2>\t\t\t\t<\/div>\n\t\t\t\t<div class=\"elementor-element elementor-element-aa29ea0 elementor-widget elementor-widget-text-editor\" data-id=\"aa29ea0\" data-element_type=\"widget\" data-e-type=\"widget\" data-widget_type=\"text-editor.default\">\n\t\t\t\t\t\t\t\t\t<p>Our site and each of the elements that make it up (trademarks, graphics, photographs, etc.) are subject to French legislation, in particular that relating to copyright, databases and intellectual property.<\/p>\n<p>All other trademarks are the property of their respective owners. Any reproduction, representation, publication, transmission, or more generally any unauthorized use of our site and\/or its elements engages your responsibility and is likely to lead to legal proceedings, in particular for counterfeiting.<\/p>\n<p>In addition, the User undertakes not to send or transmit texts or images that are contrary to the law or likely to offend sensitivity, in particular through hateful or pornographic content, or that incite behaviour of the same kind.  Cristal D\u00e9cisions reserves the right to take any measure or take any action deemed necessary in the event that its site is used to disseminate elements of this nature.<\/p>\n\t\t\t\t\t\t\t\t<\/div>\n\t\t\t\t<div class=\"elementor-element elementor-element-77dde40 elementor-widget elementor-widget-heading\" data-id=\"77dde40\" data-element_type=\"widget\" data-e-type=\"widget\" data-widget_type=\"heading.default\">\n\t\t\t\t\t<h2 class=\"elementor-heading-title elementor-size-default\">Responsibility<\/h2>\t\t\t\t<\/div>\n\t\t\t\t<div class=\"elementor-element elementor-element-b30512d elementor-widget elementor-widget-text-editor\" data-id=\"b30512d\" data-element_type=\"widget\" data-e-type=\"widget\" data-widget_type=\"text-editor.default\">\n\t\t\t\t\t\t\t\t\t<p>Our site may contain links to other sites that we do not operate. Cristal D\u00e9cisions cannot accept any responsibility for the content, advertising, products, services or any other material available on or from these sites or external sources which are neither checked nor approved by our teams.<\/p>\n<p>We are committed to ensuring our best efforts to provide up-to-date and accurate information. However, we cannot be held responsible for any errors, omissions or results that may be obtained through misuse of this information. We reserve the right to correct them as soon as these errors are brought to our attention.<\/p>\n<p>Downloading any material while using the service is at your own risk. The User shall be solely responsible for any damage to his or her computer or any loss of data resulting from such downloading. More generally, Cristal D\u00e9cisions cannot be held liable for any direct and\/or indirect damage resulting from the use of this site.<\/p>\n\t\t\t\t\t\t\t\t<\/div>\n\t\t\t\t<div class=\"elementor-element elementor-element-55378d2 elementor-widget elementor-widget-heading\" data-id=\"55378d2\" data-element_type=\"widget\" data-e-type=\"widget\" data-widget_type=\"heading.default\">\n\t\t\t\t\t<h2 class=\"elementor-heading-title elementor-size-default\">Cookie Management Policy<\/h2>\t\t\t\t<\/div>\n\t\t\t\t<div class=\"elementor-element elementor-element-cb2cca5 elementor-widget elementor-widget-text-editor\" data-id=\"cb2cca5\" data-element_type=\"widget\" data-e-type=\"widget\" data-widget_type=\"text-editor.default\">\n\t\t\t\t\t\t\t\t\t<p>Cookies are small text files placed and stored on a computer or smartphone from which a user visits a site. These cookies record certain information, provided that the User has accepted them.<\/p>\n<p>Cristal D\u00e9cisions mainly uses cookies for :<\/p>\n<ul>\n<li>To compile statistics and analyze the performance of our site,<\/li>\n<li>Memorize User preferences and settings.<\/li>\n<\/ul>\n<p>For more information, please visit our \u201cCookie Management Policy\u201d section.<\/p>\n\t\t\t\t\t\t\t\t<\/div>\n\t\t\t\t<div class=\"elementor-element elementor-element-429dffb elementor-widget elementor-widget-heading\" data-id=\"429dffb\" data-element_type=\"widget\" data-e-type=\"widget\" data-widget_type=\"heading.default\">\n\t\t\t\t\t<h2 class=\"elementor-heading-title elementor-size-default\">Personal data protection policy<\/h2>\t\t\t\t<\/div>\n\t\t\t\t<div class=\"elementor-element elementor-element-29b2554 elementor-widget elementor-widget-text-editor\" data-id=\"29b2554\" data-element_type=\"widget\" data-e-type=\"widget\" data-widget_type=\"text-editor.default\">\n\t\t\t\t\t\t\t\t\t<p>Personal data is information that directly or indirectly identifies a natural person (e.g. name, telephone number, photograph, date of birth, municipality of residence, fingerprint, etc.).<\/p>\n<p>We mainly use your personal data for :<\/p>\n<ul>\n<li>Recontact the User as soon as possible,<\/li>\n<li>Identify missions compatible with the User\u2019s profile in the case of an application.<\/li>\n<\/ul>\n<p>For more information, please visit our Privacy Policy section.<\/p>\n\t\t\t\t\t\t\t\t<\/div>\n\t\t\t\t<div class=\"elementor-element elementor-element-d22fdf7 elementor-widget elementor-widget-heading\" data-id=\"d22fdf7\" data-element_type=\"widget\" data-e-type=\"widget\" data-widget_type=\"heading.default\">\n\t\t\t\t\t<h2 class=\"elementor-heading-title elementor-size-default\">Hosting and security<\/h2>\t\t\t\t<\/div>\n\t\t\t\t<div class=\"elementor-element elementor-element-d89dda4 elementor-widget elementor-widget-text-editor\" data-id=\"d89dda4\" data-element_type=\"widget\" data-e-type=\"widget\" data-widget_type=\"text-editor.default\">\n\t\t\t\t\t\t\t\t\t<p>Our site is hosted by the company Infomaniak, on secure servers in Europe :<\/p>\n<p>Legal form: Anonymous business (SA)<\/p>\n<p>VAT number: CHE-103.167.648<\/p>\n<p>Registered office: Rue Eug\u00e8ne-Marziano 25, 1227 Gen\u00e8ve, Suisse<\/p>\n<p>We are doing everything we can to ensure its protection. However, as the Internet is an open system, Cristal D\u00e9cisions cannot guarantee the security of the information that the User transmits to us via the Internet and accepts no responsibility in the event of illegitimate or fraudulent use by an unauthorized third party.<\/p>\n\t\t\t\t\t\t\t\t<\/div>\n\t\t\t\t<div class=\"elementor-element elementor-element-2bde804 elementor-widget elementor-widget-heading\" data-id=\"2bde804\" data-element_type=\"widget\" data-e-type=\"widget\" data-widget_type=\"heading.default\">\n\t\t\t\t\t<h2 class=\"elementor-heading-title elementor-size-default\">Availability<\/h2>\t\t\t\t<\/div>\n\t\t\t\t<div class=\"elementor-element elementor-element-1c90b5d elementor-widget elementor-widget-text-editor\" data-id=\"1c90b5d\" data-element_type=\"widget\" data-e-type=\"widget\" data-widget_type=\"text-editor.default\">\n\t\t\t\t\t\t\t\t\t<p>Cristal D\u00e9cisions may at any time modify or interrupt temporarily or permanently all or part of the site in order to carry out maintenance operations and\/or improvements\/modifications.<\/p>\n\t\t\t\t\t\t\t\t<\/div>\n\t\t\t\t<div class=\"elementor-element elementor-element-e94261b elementor-widget elementor-widget-heading\" data-id=\"e94261b\" data-element_type=\"widget\" data-e-type=\"widget\" data-widget_type=\"heading.default\">\n\t\t\t\t\t<h2 class=\"elementor-heading-title elementor-size-default\">Modification of this document<\/h2>\t\t\t\t<\/div>\n\t\t\t\t<div class=\"elementor-element elementor-element-59e7975 elementor-widget elementor-widget-text-editor\" data-id=\"59e7975\" data-element_type=\"widget\" data-e-type=\"widget\" data-widget_type=\"text-editor.default\">\n\t\t\t\t\t\t\t\t\t<p>Cristal D\u00e9cisions may amend this document. In this case, the modifications made will be applicable as soon as they are put online.<\/p>\n\t\t\t\t\t\t\t\t<\/div>\n\t\t\t\t<\/div>\n\t\t\t\t\t<\/div>\n\t\t\t\t<\/div>\n\t\t\t\t<\/div>\n\t\t","protected":false},"excerpt":{"rendered":"<p>Legal Notice This document constitutes the general conditions of use of the site accessible at the address \u00ab http:\/\/cristal-decisions.fr\/en\/ \u00bb (hereinafter referred to as the site). Our site has been created and edited by GooPlus, dont Cristal D\u00e9cisions est une marque. By accessing or using our site, the User is deemed to accept these general [&hellip;]<\/p>\n","protected":false},"author":2,"featured_media":0,"parent":0,"menu_order":0,"comment_status":"closed","ping_status":"closed","template":"","meta":{"_seopress_robots_primary_cat":"","_seopress_titles_title":"","_seopress_titles_desc":"","_seopress_robots_index":"yes","footnotes":""},"class_list":["post-7291","page","type-page","status-publish","hentry"],"_links":{"self":[{"href":"https:\/\/cristal-decisions.com\/en\/wp-json\/wp\/v2\/pages\/7291","targetHints":{"allow":["GET"]}}],"collection":[{"href":"https:\/\/cristal-decisions.com\/en\/wp-json\/wp\/v2\/pages"}],"about":[{"href":"https:\/\/cristal-decisions.com\/en\/wp-json\/wp\/v2\/types\/page"}],"author":[{"embeddable":true,"href":"https:\/\/cristal-decisions.com\/en\/wp-json\/wp\/v2\/users\/2"}],"replies":[{"embeddable":true,"href":"https:\/\/cristal-decisions.com\/en\/wp-json\/wp\/v2\/comments?post=7291"}],"version-history":[{"count":0,"href":"https:\/\/cristal-decisions.com\/en\/wp-json\/wp\/v2\/pages\/7291\/revisions"}],"wp:attachment":[{"href":"https:\/\/cristal-decisions.com\/en\/wp-json\/wp\/v2\/media?parent=7291"}],"curies":[{"name":"wp","href":"https:\/\/api.w.org\/{rel}","templated":true}]}}